{"id":3267,"date":"2025-12-13T19:54:46","date_gmt":"2025-12-14T00:54:46","guid":{"rendered":"https:\/\/hg-abogados.com\/?page_id=3267"},"modified":"2026-02-10T08:25:00","modified_gmt":"2026-02-10T14:25:00","slug":"politica-de-cookies","status":"publish","type":"page","link":"https:\/\/hg-abogados.com\/zh\/politica-de-cookies\/","title":{"rendered":"Pol\u00edtica de Cookies"},"content":{"rendered":"<div data-elementor-type=\"wp-page\" data-elementor-id=\"3267\" class=\"elementor elementor-3267\" data-elementor-post-type=\"page\">\n\t\t\t\t<div class=\"elementor-element elementor-element-687a2be e-flex e-con-boxed e-con e-parent\" data-id=\"687a2be\" data-element_type=\"container\" data-e-type=\"container\" data-settings=\"{&quot;background_background&quot;:&quot;classic&quot;}\">\n\t\t\t\t\t<div class=\"e-con-inner\">\n\t\t\t\t<div class=\"elementor-element elementor-element-dc6503b elementor-widget__width-initial elementor-widget elementor-widget-heading\" data-id=\"dc6503b\" data-element_type=\"widget\" data-e-type=\"widget\" data-widget_type=\"heading.default\">\n\t\t\t\t\t<h1 class=\"elementor-heading-title elementor-size-default\">Pol\u00edtica de Cookies<\/h1>\t\t\t\t<\/div>\n\t\t\t\t\t<\/div>\n\t\t\t\t<\/div>\n\t\t<div class=\"elementor-element elementor-element-318aefc e-con-full e-flex e-con e-parent\" data-id=\"318aefc\" data-element_type=\"container\" data-e-type=\"container\">\n\t\t<div class=\"elementor-element elementor-element-c61baa0 e-flex e-con-boxed e-con e-child\" data-id=\"c61baa0\" data-element_type=\"container\" data-e-type=\"container\">\n\t\t\t\t\t<div class=\"e-con-inner\">\n\t\t\t\t<div class=\"elementor-element elementor-element-936baec elementor-widget elementor-widget-text-editor\" data-id=\"936baec\" data-element_type=\"widget\" data-e-type=\"widget\" data-widget_type=\"text-editor.default\">\n\t\t\t\t\t\t\t\t\t<p>\u6211\u4eec\u4f7f\u7528 Cookie \u6765\u63d0\u4f9b\u66f4\u597d\u7684\u4f53\u9a8c\u3001\u63d0\u5347\u6027\u80fd\u3001\u5206\u6790\u60a8\u5982\u4f55\u4e0e\u6211\u4eec\u7684\u7f51\u7ad9\u4e92\u52a8\uff0c\u5e76\u4e2a\u6027\u5316\u5185\u5bb9\u3002\u4f7f\u7528\u672c\u7f51\u7ad9\u5373\u8868\u793a\u60a8\u540c\u610f\u6211\u4eec\u4f7f\u7528 Cookie\u3002<\/p>\t\t\t\t\t\t\t\t<\/div>\n\t\t\t\t<div class=\"elementor-element elementor-element-4c39e63 elementor-widget elementor-widget-text-editor\" data-id=\"4c39e63\" data-element_type=\"widget\" data-e-type=\"widget\" data-widget_type=\"text-editor.default\">\n\t\t\t\t\t\t\t\t\t<p><b>\u653f\u7b56 Cookie<\/b><\/p><p><b>\u4ec0\u4e48\u662f Cookie\uff1f<br \/><\/b>Cookie \u662f\u5b58\u50a8\u5728\u7528\u6237\u6d4f\u89c8\u5668\u4e2d\u7684\u4e00\u6bb5\u6570\u636e\uff0c\u65e8\u5728\u5411 Web \u670d\u52a1\u5668\u63d0\u4f9b\u66f4\u591a\u5173\u4e8e\u7528\u6237\u7684\u4fe1\u606f\uff0c\u4ece\u800c\u80fd\u591f\u8bb0\u4f4f\u67d0\u4e9b\u53c2\u6570\u53ca\u7528\u6237\u76f8\u5173\u4fe1\u606f\uff0c\u5b9e\u73b0\u66f4\u9ad8\u7a0b\u5ea6\u7684\u4e2a\u6027\u5316\uff0c\u5e76\u5bf9\u7528\u6237\u884c\u4e3a\u8fdb\u884c\u5206\u6790\u3002<br \/>\u6211\u4eec\u4f7f\u7528 Cookie \u4ee5\u4fbf\u4e8e\u60a8\u4f7f\u7528\u6211\u4eec\u7684\u7f51\u7ad9\u3002Cookie \u662f\u4e00\u4e9b\u5c0f\u578b\u4fe1\u606f\u6587\u4ef6\uff0c\u53ef\u5e2e\u52a9\u6211\u4eec\u5bf9\u6bd4\u5e76\u4e86\u89e3\u7528\u6237\u5982\u4f55\u6d4f\u89c8\u6211\u4eec\u7684\u7f51\u7ad9\uff0c\u4ece\u800c\u76f8\u5e94\u5730\u6539\u8fdb\u6d4f\u89c8\u6d41\u7a0b\u3002\u5982\u679c\u60a8\u4e0d\u5e0c\u671b\u63a5\u6536 Cookie\uff0c\u8bf7\u5c06\u60a8\u7684\u6d4f\u89c8\u5668\u8bbe\u7f6e\u4e3a\u4ece\u7535\u8111\u786c\u76d8\u4e2d\u5220\u9664 Cookie\u3001\u963b\u6b62 Cookie\uff0c\u6216\u5728\u5b89\u88c5 Cookie \u65f6\u5411\u60a8\u53d1\u51fa\u63d0\u793a\u3002\u82e5\u8981\u5728\u4e0d\u66f4\u6539 Cookie \u8bbe\u7f6e\u7684\u60c5\u51b5\u4e0b\u7ee7\u7eed\u4f7f\u7528\uff0c\u53ea\u9700\u5173\u95ed\u8be5\u7a97\u53e3\u5e76\u7ee7\u7eed\u6d4f\u89c8\u672c\u7f51\u7ad9\u3002<\/p><p><b>Cookie \u7684\u7c7b\u578b<br \/><\/b>\u672c\u7f51\u7ad9\u4ec5\u4f7f\u7528\u6280\u672f\u6027\u3001\u4e2a\u6027\u5316\u548c\u5206\u6790\u7c7b Cookie\uff0c\u5305\u62ec\u81ea\u6709 Cookie \u53ca\u7b2c\u4e09\u65b9 Cookie\uff08Google Analytics\uff09\u3002\u8fd9\u4e9b Cookie \u5728\u4efb\u4f55\u60c5\u51b5\u4e0b\u5747\u4e0d\u4f1a\u5904\u7406\u4e2a\u4eba\u6570\u636e\uff0c\u4e5f\u4e0d\u4f1a\u4e3a\u5e7f\u544a\u76ee\u7684\u6536\u96c6\u6d4f\u89c8\u4e60\u60ef\u3002<br \/>\u56e0\u6b64\uff0c\u5728\u60a8\u8bbf\u95ee\u6211\u4eec\u7684\u7f51\u7ad9\u65f6\uff0c\u4e3a\u9075\u5b88\u300a\u4fe1\u606f\u793e\u4f1a\u670d\u52a1\u6cd5\u300b\u7b2c 22 \u6761\u7684\u89c4\u5b9a\uff0c\u7531\u4e8e\u6211\u4eec\u4f7f\u7528\u5206\u6790\u7c7b Cookie\uff0c\u6211\u4eec\u5df2\u5c31\u5176\u4f7f\u7528\u5f81\u6c42\u60a8\u7684\u540c\u610f\u5e76\u5411\u60a8\u63d0\u4f9b\u76f8\u5173\u4fe1\u606f\u3002\u65e0\u8bba\u5982\u4f55\uff0cCookie \u4ec5\u4f1a\u5728\u7ecf\u8fc7\u5408\u7406\u7684\u7b49\u5f85\u65f6\u95f4\u540e\u624d\u4f1a\u5b89\u88c5\uff0c\u4ee5\u4fbf\u7528\u6237\u6709\u65f6\u95f4\u51b3\u5b9a\u662f\u5426\u540c\u610f\u3002<br \/>\u60a8\u53ef\u4ee5\u5728 www.aboutcookies.org\n \u83b7\u53d6\u6709\u5173 Cookie \u53ca\u5176\u4f7f\u7528\u7684\u66f4\u591a\u4fe1\u606f\u3002<\/p><p><b>\u5982\u4f55\u5728\u6700\u5e38\u7528\u7684\u6d4f\u89c8\u5668\u4e2d\u7981\u7528 Cookie\uff1f<br \/><\/b>Chrome\uff1a\u8bbe\u7f6e \u2192 \u663e\u793a\u9ad8\u7ea7\u9009\u9879 \u2192 \u9690\u79c1 \u2192 \u5185\u5bb9\u8bbe\u7f6e\u3002<br \/>\u5982\u9700\u66f4\u591a\u4fe1\u606f\uff0c\u60a8\u53ef\u4ee5\u67e5\u9605 Google \u652f\u6301\u6216\u6d4f\u89c8\u5668\u7684\u5e2e\u52a9\u9875\u9762\u3002<br \/>Internet Explorer\uff1a\u5de5\u5177 \u2192 Internet \u9009\u9879 \u2192 \u9690\u79c1 \u2192 \u8bbe\u7f6e\u3002<br \/>\u5982\u9700\u66f4\u591a\u4fe1\u606f\uff0c\u60a8\u53ef\u4ee5\u67e5\u9605 Microsoft \u652f\u6301\u6216\u6d4f\u89c8\u5668\u7684\u5e2e\u52a9\u9875\u9762\u3002<br \/>Firefox\uff1a\u5de5\u5177 \u2192 \u9009\u9879 \u2192 \u9690\u79c1 \u2192 \u5386\u53f2\u8bb0\u5f55 \u2192 \u81ea\u5b9a\u4e49\u8bbe\u7f6e\u3002<br \/>\u5982\u9700\u66f4\u591a\u4fe1\u606f\uff0c\u60a8\u53ef\u4ee5\u67e5\u9605 Mozilla \u652f\u6301\u6216\u6d4f\u89c8\u5668\u7684\u5e2e\u52a9\u9875\u9762\u3002<br \/>Safari\uff1a\u504f\u597d\u8bbe\u7f6e \u2192 \u5b89\u5168\u6027\u3002<br \/>\u5982\u9700\u66f4\u591a\u4fe1\u606f\uff0c\u60a8\u53ef\u4ee5\u67e5\u9605 Apple \u652f\u6301\u6216\u6d4f\u89c8\u5668\u7684\u5e2e\u52a9\u9875\u9762\u3002<\/p>\t\t\t\t\t\t\t\t<\/div>\n\t\t\t\t\t<\/div>\n\t\t\t\t<\/div>\n\t\t\t\t<\/div>\n\t\t\t\t<\/div>","protected":false},"excerpt":{"rendered":"<p>Pol\u00edtica de Cookies Utilizamos cookies para proporcionar una mejor experiencia, mejorar el rendimiento, analizar c\u00f3mo interact\u00faas en nuestro sitio web y personalizar el contenido. Al utilizar este sitio web, aceptas el uso de cookies. Pol\u00edtica de cookies \u00bfQu\u00e9 es una cookie?Se denomina cookie a un segmento de datos que son almacenados en el navegador del [&hellip;]<\/p>\n","protected":false},"author":1,"featured_media":0,"parent":0,"menu_order":0,"comment_status":"closed","ping_status":"closed","template":"","meta":{"footnotes":""},"class_list":["post-3267","page","type-page","status-publish","hentry"],"yoast_head":"<!-- This site is optimized with the Yoast SEO plugin v27.5 - https:\/\/yoast.com\/product\/yoast-seo-wordpress\/ -->\n<title>Pol\u00edtica de Cookies - HG Abogados<\/title>\n<meta name=\"robots\" content=\"index, follow, max-snippet:-1, max-image-preview:large, max-video-preview:-1\" \/>\n<link rel=\"canonical\" href=\"https:\/\/hg-abogados.com\/zh\/politica-de-cookies\/\" \/>\n<meta property=\"og:locale\" content=\"zh_CN\" \/>\n<meta property=\"og:type\" content=\"article\" \/>\n<meta property=\"og:title\" content=\"Pol\u00edtica de Cookies - HG Abogados\" \/>\n<meta property=\"og:description\" content=\"Pol\u00edtica de Cookies Utilizamos cookies para proporcionar una mejor experiencia, mejorar el rendimiento, analizar c\u00f3mo interact\u00faas en nuestro sitio web y personalizar el contenido. Al utilizar este sitio web, aceptas el uso de cookies. Pol\u00edtica de cookies \u00bfQu\u00e9 es una cookie?Se denomina cookie a un segmento de datos que son almacenados en el navegador del [&hellip;]\" \/>\n<meta property=\"og:url\" content=\"https:\/\/hg-abogados.com\/zh\/politica-de-cookies\/\" \/>\n<meta property=\"og:site_name\" content=\"HG Abogados\" \/>\n<meta property=\"article:publisher\" content=\"https:\/\/www.facebook.com\/hgabogados.mx\/\" \/>\n<meta property=\"article:modified_time\" content=\"2026-02-10T14:25:00+00:00\" \/>\n<meta property=\"og:image\" content=\"https:\/\/hg-abogados.com\/wp-content\/uploads\/2025\/12\/himagen-del-sitio-hg-abogados.png\" \/>\n\t<meta property=\"og:image:width\" content=\"1200\" \/>\n\t<meta property=\"og:image:height\" content=\"675\" \/>\n\t<meta property=\"og:image:type\" content=\"image\/png\" \/>\n<meta name=\"twitter:card\" content=\"summary_large_image\" \/>\n<meta name=\"twitter:label1\" content=\"\u9884\u8ba1\u9605\u8bfb\u65f6\u95f4\" \/>\n\t<meta name=\"twitter:data1\" content=\"2 \u5206\" \/>\n<script type=\"application\/ld+json\" class=\"yoast-schema-graph\">{\"@context\":\"https:\\\/\\\/schema.org\",\"@graph\":[{\"@type\":\"WebPage\",\"@id\":\"https:\\\/\\\/hg-abogados.com\\\/politica-de-cookies\\\/\",\"url\":\"https:\\\/\\\/hg-abogados.com\\\/politica-de-cookies\\\/\",\"name\":\"Pol\u00edtica de Cookies - HG Abogados\",\"isPartOf\":{\"@id\":\"https:\\\/\\\/hg-abogados.com\\\/#website\"},\"datePublished\":\"2025-12-14T00:54:46+00:00\",\"dateModified\":\"2026-02-10T14:25:00+00:00\",\"breadcrumb\":{\"@id\":\"https:\\\/\\\/hg-abogados.com\\\/politica-de-cookies\\\/#breadcrumb\"},\"inLanguage\":\"zh-Hans\",\"potentialAction\":[{\"@type\":\"ReadAction\",\"target\":[\"https:\\\/\\\/hg-abogados.com\\\/politica-de-cookies\\\/\"]}]},{\"@type\":\"BreadcrumbList\",\"@id\":\"https:\\\/\\\/hg-abogados.com\\\/politica-de-cookies\\\/#breadcrumb\",\"itemListElement\":[{\"@type\":\"ListItem\",\"position\":1,\"name\":\"Portada\",\"item\":\"https:\\\/\\\/hg-abogados.com\\\/\"},{\"@type\":\"ListItem\",\"position\":2,\"name\":\"Pol\u00edtica de Cookies\"}]},{\"@type\":\"WebSite\",\"@id\":\"https:\\\/\\\/hg-abogados.com\\\/#website\",\"url\":\"https:\\\/\\\/hg-abogados.com\\\/\",\"name\":\"HG Abogados\",\"description\":\"Firma legal multidisciplinaria en M\u00e9xico especializada en servicios jur\u00eddicos integrales: compliance, corporativo, fiscal, laboral, civil, penal, familiar e inmobiliario para empresas nacionales y extranjeras. Ofrecemos asesor\u00eda estrat\u00e9gica y defensa legal personalizada con presencia en varias ciudades del pa\u00eds y alianzas internacionales.\",\"publisher\":{\"@id\":\"https:\\\/\\\/hg-abogados.com\\\/#organization\"},\"potentialAction\":[{\"@type\":\"SearchAction\",\"target\":{\"@type\":\"EntryPoint\",\"urlTemplate\":\"https:\\\/\\\/hg-abogados.com\\\/?s={search_term_string}\"},\"query-input\":{\"@type\":\"PropertyValueSpecification\",\"valueRequired\":true,\"valueName\":\"search_term_string\"}}],\"inLanguage\":\"zh-Hans\"},{\"@type\":\"Organization\",\"@id\":\"https:\\\/\\\/hg-abogados.com\\\/#organization\",\"name\":\"HG Abogados\",\"url\":\"https:\\\/\\\/hg-abogados.com\\\/\",\"logo\":{\"@type\":\"ImageObject\",\"inLanguage\":\"zh-Hans\",\"@id\":\"https:\\\/\\\/hg-abogados.com\\\/#\\\/schema\\\/logo\\\/image\\\/\",\"url\":\"https:\\\/\\\/hg-abogados.com\\\/wp-content\\\/uploads\\\/2025\\\/11\\\/logo-hg.svg\",\"contentUrl\":\"https:\\\/\\\/hg-abogados.com\\\/wp-content\\\/uploads\\\/2025\\\/11\\\/logo-hg.svg\",\"width\":354,\"height\":77,\"caption\":\"HG Abogados\"},\"image\":{\"@id\":\"https:\\\/\\\/hg-abogados.com\\\/#\\\/schema\\\/logo\\\/image\\\/\"},\"sameAs\":[\"https:\\\/\\\/www.facebook.com\\\/hgabogados.mx\\\/\"]}]}<\/script>\n<!-- \/ Yoast SEO plugin. -->","yoast_head_json":{"title":"Pol\u00edtica de Cookies - HG Abogados","robots":{"index":"index","follow":"follow","max-snippet":"max-snippet:-1","max-image-preview":"max-image-preview:large","max-video-preview":"max-video-preview:-1"},"canonical":"https:\/\/hg-abogados.com\/zh\/politica-de-cookies\/","og_locale":"zh_CN","og_type":"article","og_title":"Pol\u00edtica de Cookies - HG Abogados","og_description":"Pol\u00edtica de Cookies Utilizamos cookies para proporcionar una mejor experiencia, mejorar el rendimiento, analizar c\u00f3mo interact\u00faas en nuestro sitio web y personalizar el contenido. Al utilizar este sitio web, aceptas el uso de cookies. Pol\u00edtica de cookies \u00bfQu\u00e9 es una cookie?Se denomina cookie a un segmento de datos que son almacenados en el navegador del [&hellip;]","og_url":"https:\/\/hg-abogados.com\/zh\/politica-de-cookies\/","og_site_name":"HG Abogados","article_publisher":"https:\/\/www.facebook.com\/hgabogados.mx\/","article_modified_time":"2026-02-10T14:25:00+00:00","og_image":[{"width":1200,"height":675,"url":"https:\/\/hg-abogados.com\/wp-content\/uploads\/2025\/12\/himagen-del-sitio-hg-abogados.png","type":"image\/png"}],"twitter_card":"summary_large_image","twitter_misc":{"\u9884\u8ba1\u9605\u8bfb\u65f6\u95f4":"2 \u5206"},"schema":{"@context":"https:\/\/schema.org","@graph":[{"@type":"WebPage","@id":"https:\/\/hg-abogados.com\/politica-de-cookies\/","url":"https:\/\/hg-abogados.com\/politica-de-cookies\/","name":"Pol\u00edtica de Cookies - HG Abogados","isPartOf":{"@id":"https:\/\/hg-abogados.com\/#website"},"datePublished":"2025-12-14T00:54:46+00:00","dateModified":"2026-02-10T14:25:00+00:00","breadcrumb":{"@id":"https:\/\/hg-abogados.com\/politica-de-cookies\/#breadcrumb"},"inLanguage":"zh-Hans","potentialAction":[{"@type":"ReadAction","target":["https:\/\/hg-abogados.com\/politica-de-cookies\/"]}]},{"@type":"BreadcrumbList","@id":"https:\/\/hg-abogados.com\/politica-de-cookies\/#breadcrumb","itemListElement":[{"@type":"ListItem","position":1,"name":"Portada","item":"https:\/\/hg-abogados.com\/"},{"@type":"ListItem","position":2,"name":"Pol\u00edtica de Cookies"}]},{"@type":"WebSite","@id":"https:\/\/hg-abogados.com\/#website","url":"https:\/\/hg-abogados.com\/","name":"HG\u5f8b\u5e08\u4e8b\u52a1\u6240","description":"Firma legal multidisciplinaria en M\u00e9xico especializada en servicios jur\u00eddicos integrales: compliance, corporativo, fiscal, laboral, civil, penal, familiar e inmobiliario para empresas nacionales y extranjeras. Ofrecemos asesor\u00eda estrat\u00e9gica y defensa legal personalizada con presencia en varias ciudades del pa\u00eds y alianzas internacionales.","publisher":{"@id":"https:\/\/hg-abogados.com\/#organization"},"potentialAction":[{"@type":"SearchAction","target":{"@type":"EntryPoint","urlTemplate":"https:\/\/hg-abogados.com\/?s={search_term_string}"},"query-input":{"@type":"PropertyValueSpecification","valueRequired":true,"valueName":"search_term_string"}}],"inLanguage":"zh-Hans"},{"@type":"Organization","@id":"https:\/\/hg-abogados.com\/#organization","name":"HG\u5f8b\u5e08\u4e8b\u52a1\u6240","url":"https:\/\/hg-abogados.com\/","logo":{"@type":"ImageObject","inLanguage":"zh-Hans","@id":"https:\/\/hg-abogados.com\/#\/schema\/logo\/image\/","url":"https:\/\/hg-abogados.com\/wp-content\/uploads\/2025\/11\/logo-hg.svg","contentUrl":"https:\/\/hg-abogados.com\/wp-content\/uploads\/2025\/11\/logo-hg.svg","width":354,"height":77,"caption":"HG Abogados"},"image":{"@id":"https:\/\/hg-abogados.com\/#\/schema\/logo\/image\/"},"sameAs":["https:\/\/www.facebook.com\/hgabogados.mx\/"]}]}},"_links":{"self":[{"href":"https:\/\/hg-abogados.com\/zh\/wp-json\/wp\/v2\/pages\/3267","targetHints":{"allow":["GET"]}}],"collection":[{"href":"https:\/\/hg-abogados.com\/zh\/wp-json\/wp\/v2\/pages"}],"about":[{"href":"https:\/\/hg-abogados.com\/zh\/wp-json\/wp\/v2\/types\/page"}],"author":[{"embeddable":true,"href":"https:\/\/hg-abogados.com\/zh\/wp-json\/wp\/v2\/users\/1"}],"replies":[{"embeddable":true,"href":"https:\/\/hg-abogados.com\/zh\/wp-json\/wp\/v2\/comments?post=3267"}],"version-history":[{"count":16,"href":"https:\/\/hg-abogados.com\/zh\/wp-json\/wp\/v2\/pages\/3267\/revisions"}],"predecessor-version":[{"id":4072,"href":"https:\/\/hg-abogados.com\/zh\/wp-json\/wp\/v2\/pages\/3267\/revisions\/4072"}],"wp:attachment":[{"href":"https:\/\/hg-abogados.com\/zh\/wp-json\/wp\/v2\/media?parent=3267"}],"curies":[{"name":"wp","href":"https:\/\/api.w.org\/{rel}","templated":true}]}}