{"id":3267,"date":"2025-12-13T19:54:46","date_gmt":"2025-12-14T00:54:46","guid":{"rendered":"https:\/\/hg-abogados.com\/?page_id=3267"},"modified":"2026-02-10T08:25:00","modified_gmt":"2026-02-10T14:25:00","slug":"politica-de-cookies","status":"publish","type":"page","link":"https:\/\/hg-abogados.com\/ko\/politica-de-cookies\/","title":{"rendered":"Pol\u00edtica de Cookies"},"content":{"rendered":"<div data-elementor-type=\"wp-page\" data-elementor-id=\"3267\" class=\"elementor elementor-3267\" data-elementor-post-type=\"page\">\n\t\t\t\t<div class=\"elementor-element elementor-element-687a2be e-flex e-con-boxed e-con e-parent\" data-id=\"687a2be\" data-element_type=\"container\" data-e-type=\"container\" data-settings=\"{&quot;background_background&quot;:&quot;classic&quot;}\">\n\t\t\t\t\t<div class=\"e-con-inner\">\n\t\t\t\t<div class=\"elementor-element elementor-element-dc6503b elementor-widget__width-initial elementor-widget elementor-widget-heading\" data-id=\"dc6503b\" data-element_type=\"widget\" data-e-type=\"widget\" data-widget_type=\"heading.default\">\n\t\t\t\t\t<h1 class=\"elementor-heading-title elementor-size-default\">Pol\u00edtica de Cookies<\/h1>\t\t\t\t<\/div>\n\t\t\t\t\t<\/div>\n\t\t\t\t<\/div>\n\t\t<div class=\"elementor-element elementor-element-318aefc e-con-full e-flex e-con e-parent\" data-id=\"318aefc\" data-element_type=\"container\" data-e-type=\"container\">\n\t\t<div class=\"elementor-element elementor-element-c61baa0 e-flex e-con-boxed e-con e-child\" data-id=\"c61baa0\" data-element_type=\"container\" data-e-type=\"container\">\n\t\t\t\t\t<div class=\"e-con-inner\">\n\t\t\t\t<div class=\"elementor-element elementor-element-936baec elementor-widget elementor-widget-text-editor\" data-id=\"936baec\" data-element_type=\"widget\" data-e-type=\"widget\" data-widget_type=\"text-editor.default\">\n\t\t\t\t\t\t\t\t\t<p>\ub2f9\uc0ac\ub294 \ub354 \ub098\uc740 \uacbd\ud5d8\uc744 \uc81c\uacf5\ud558\uace0 \uc131\ub2a5\uc744 \uac1c\uc120\ud558\uba70, \uc6f9\uc0ac\uc774\ud2b8\uc5d0\uc11c\uc758 \uc774\uc6a9\uc790 \uc0c1\ud638\uc791\uc6a9\uc744 \ubd84\uc11d\ud558\uace0 \ucf58\ud150\uce20\ub97c \uac1c\uc778\ud654\ud558\uae30 \uc704\ud574 \ucfe0\ud0a4\ub97c \uc0ac\uc6a9\ud569\ub2c8\ub2e4. \ubcf8 \uc6f9\uc0ac\uc774\ud2b8\ub97c \uc774\uc6a9\ud568\uc73c\ub85c\uc368 \uadc0\ud558\ub294 \ucfe0\ud0a4 \uc0ac\uc6a9\uc5d0 \ub3d9\uc758\ud558\uac8c \ub429\ub2c8\ub2e4.<\/p>\t\t\t\t\t\t\t\t<\/div>\n\t\t\t\t<div class=\"elementor-element elementor-element-4c39e63 elementor-widget elementor-widget-text-editor\" data-id=\"4c39e63\" data-element_type=\"widget\" data-e-type=\"widget\" data-widget_type=\"text-editor.default\">\n\t\t\t\t\t\t\t\t\t<p><b>\ucfe0\ud0a4 \uc815\ucc45<\/b><\/p><p><b>\ucfe0\ud0a4\ub780 \ubb34\uc5c7\uc778\uac00\uc694?<br \/><\/b>\ucfe0\ud0a4\ub780 \uc0ac\uc6a9\uc790 \ube0c\ub77c\uc6b0\uc800\uc5d0 \uc800\uc7a5\ub418\ub294 \ub370\uc774\ud130\uc758 \ud55c \ubd80\ubd84\uc73c\ub85c, \uc6f9 \uc11c\ubc84\uc5d0 \uc0ac\uc6a9\uc790\uc5d0 \ub300\ud55c \ub354 \ub9ce\uc740 \uc815\ubcf4\ub97c \uc81c\uacf5\ud558\uae30 \uc704\ud574 \uc0ac\uc6a9\ub429\ub2c8\ub2e4. \uc774\ub97c \ud1b5\ud574 \ud2b9\uc815 \ub9e4\uac1c\ubcc0\uc218\uc640 \uc0ac\uc6a9\uc790 \uc815\ubcf4\ub97c \uae30\uc5b5\ud560 \uc218 \uc788\uc73c\uba70, \ub354 \ub192\uc740 \uc218\uc900\uc758 \uac1c\uc778\ud654\uc640 \uc0ac\uc6a9\uc790 \ud589\ub3d9 \ubd84\uc11d\uc774 \uac00\ub2a5\ud574\uc9d1\ub2c8\ub2e4.<br \/>\ub2f9\uc0ac\ub294 \uc6f9\uc0ac\uc774\ud2b8 \uc774\uc6a9\uc744 \ub354 \ud3b8\ub9ac\ud558\uac8c \ud558\uae30 \uc704\ud574 \ucfe0\ud0a4\ub97c \uc0ac\uc6a9\ud569\ub2c8\ub2e4. \ucfe0\ud0a4\ub294 \uc0ac\uc6a9\uc790\uac00 \uc6f9\uc0ac\uc774\ud2b8\ub97c \uc5b4\ub5bb\uac8c \ud0d0\uc0c9\ud558\ub294\uc9c0 \ube44\uad50\ud558\uace0 \uc774\ud574\ud560 \uc218 \uc788\ub3c4\ub85d \ub3d5\ub294 \uc791\uc740 \uc815\ubcf4 \ud30c\uc77c\ub85c, \uc774\ub97c \ud1b5\ud574 \ud0d0\uc0c9(\ube0c\ub77c\uc6b0\uc9d5) \uacfc\uc815\uc744 \uac1c\uc120\ud560 \uc218 \uc788\uc2b5\ub2c8\ub2e4. \ucfe0\ud0a4 \uc218\uc2e0\uc744 \uc6d0\ud558\uc9c0 \uc54a\ub294 \uacbd\uc6b0, \uc778\ud130\ub137 \ube0c\ub77c\uc6b0\uc800 \uc124\uc815\uc5d0\uc11c \ucef4\ud4e8\ud130 \ud558\ub4dc\ub514\uc2a4\ud06c\uc5d0 \uc800\uc7a5\ub41c \ucfe0\ud0a4\ub97c \uc0ad\uc81c\ud558\uac70\ub098 \ucfe0\ud0a4\ub97c \ucc28\ub2e8\ud558\uac70\ub098 \ucfe0\ud0a4 \uc124\uce58 \uc2dc \uc54c\ub9bc\uc744 \ubc1b\ub3c4\ub85d \uc124\uc815\ud574 \uc8fc\uc138\uc694. \ucfe0\ud0a4 \uc124\uc815\uc744 \ubcc0\uacbd\ud558\uc9c0 \uc54a\uace0 \uacc4\uc18d \uc774\uc6a9\ud558\ub824\uba74 \ucc3d\uc744 \ub2eb\uace0 \uc6f9\uc0ac\uc774\ud2b8\ub97c \uacc4\uc18d \uc774\uc6a9\ud558\uc2dc\uba74 \ub429\ub2c8\ub2e4.<\/p><p><b>\ucfe0\ud0a4 \uc720\ud615<br \/><\/b>\ubcf8 \uc6f9\uc0ac\uc774\ud2b8\ub294 \uae30\uc220 \ucfe0\ud0a4, \uac1c\uc778\ud654 \ucfe0\ud0a4 \ubc0f \ubd84\uc11d \ucfe0\ud0a4\ub9cc \uc0ac\uc6a9\ud558\uba70, \uc790\uc0ac \ucfe0\ud0a4\uc640 \uc81c3\uc790 \ucfe0\ud0a4(Google Analytics)\ub97c \ud3ec\ud568\ud569\ub2c8\ub2e4. \uc774\ub7ec\ud55c \ucfe0\ud0a4\ub294 \uc5b4\ub5a0\ud55c \uacbd\uc6b0\uc5d0\ub3c4 \uac1c\uc778\uc815\ubcf4\ub97c \ucc98\ub9ac\ud558\uc9c0 \uc54a\uc73c\uba70, \uad11\uace0 \ubaa9\uc801\uc744 \uc704\ud574 \ud0d0\uc0c9 \uc2b5\uad00\uc744 \uc218\uc9d1\ud558\uc9c0 \uc54a\uc2b5\ub2c8\ub2e4.<br \/>\ub530\ub77c\uc11c \ub2f9\uc0ac \uc6f9\uc0ac\uc774\ud2b8\uc5d0 \uc811\uc18d\ud560 \ub54c, \uc815\ubcf4\uc0ac\ud68c\uc11c\ube44\uc2a4\ubc95 \uc81c22\uc870\ub97c \uc900\uc218\ud558\uae30 \uc704\ud574 \ubd84\uc11d \ucfe0\ud0a4\ub97c \uc0ac\uc6a9\ud558\ub294 \uacbd\uc6b0 \uadf8 \uc0ac\uc6a9\uc5d0 \ub300\ud55c \uadc0\ud558\uc758 \ub3d9\uc758\ub97c \uc694\uccad\ud558\uace0 \uad00\ub828 \uc815\ubcf4\ub97c \uc81c\uacf5\ud558\uc600\uc2b5\ub2c8\ub2e4. \ub610\ud55c \uc0ac\uc6a9\uc790\uac00 \ub3d9\uc758 \uc5ec\ubd80\ub97c \uacb0\uc815\ud560 \uc218 \uc788\ub3c4\ub85d \ucda9\ubd84\ud55c \uc2dc\uac04\uc774 \uc8fc\uc5b4\uc9c4 \ub4a4\uc5d0\ub9cc \ucfe0\ud0a4\uac00 \uc124\uce58\ub429\ub2c8\ub2e4.<br \/>\ucfe0\ud0a4\uc640 \uadf8 \uc0ac\uc6a9\uc5d0 \ub300\ud55c \ub354 \uc790\uc138\ud55c \uc815\ubcf4\ub294 www.aboutcookies.org\uc5d0\uc11c\n \ud655\uc778\ud560 \uc218 \uc788\uc2b5\ub2c8\ub2e4.<\/p><p><b>\uac00\uc7a5 \ub9ce\uc774 \uc0ac\uc6a9\ub418\ub294 \ube0c\ub77c\uc6b0\uc800\uc5d0\uc11c \ucfe0\ud0a4\ub97c \ube44\ud65c\uc131\ud654\ud558\ub294 \ubc29\ubc95\uc740 \ubb34\uc5c7\uc778\uac00\uc694?<br \/><\/b>Chrome: \uc124\uc815 \u2192 \uace0\uae09 \uc124\uc815 \ud45c\uc2dc \u2192 \uac1c\uc778\uc815\ubcf4 \ubc0f \ubcf4\uc548 \u2192 \ucf58\ud150\uce20 \uc124\uc815.<br \/>\ucd94\uac00 \uc815\ubcf4\ub294 Google \uc9c0\uc6d0 \ub610\ub294 \ube0c\ub77c\uc6b0\uc800 \ub3c4\uc6c0\ub9d0\uc744 \ucc38\uace0\ud558\uc2dc\uae30 \ubc14\ub78d\ub2c8\ub2e4.<br \/>Internet Explorer: \ub3c4\uad6c \u2192 \uc778\ud130\ub137 \uc635\uc158 \u2192 \uac1c\uc778 \uc815\ubcf4 \u2192 \uc124\uc815.<br \/>\ucd94\uac00 \uc815\ubcf4\ub294 Microsoft \uc9c0\uc6d0 \ub610\ub294 \ube0c\ub77c\uc6b0\uc800 \ub3c4\uc6c0\ub9d0\uc744 \ucc38\uace0\ud558\uc2dc\uae30 \ubc14\ub78d\ub2c8\ub2e4.<br \/>Firefox: \ub3c4\uad6c \u2192 \uc635\uc158 \u2192 \uac1c\uc778\uc815\ubcf4 \ubc0f \ubcf4\uc548 \u2192 \uae30\ub85d \u2192 \uc0ac\uc6a9\uc790 \uc9c0\uc815 \uc124\uc815.<br \/>\ucd94\uac00 \uc815\ubcf4\ub294 Mozilla \uc9c0\uc6d0 \ub610\ub294 \ube0c\ub77c\uc6b0\uc800 \ub3c4\uc6c0\ub9d0\uc744 \ucc38\uace0\ud558\uc2dc\uae30 \ubc14\ub78d\ub2c8\ub2e4.<br \/>Safari: \ud658\uacbd\uc124\uc815 \u2192 \ubcf4\uc548.<br \/>\ucd94\uac00 \uc815\ubcf4\ub294 Apple \uc9c0\uc6d0 \ub610\ub294 \ube0c\ub77c\uc6b0\uc800 \ub3c4\uc6c0\ub9d0\uc744 \ucc38\uace0\ud558\uc2dc\uae30 \ubc14\ub78d\ub2c8\ub2e4.<\/p>\t\t\t\t\t\t\t\t<\/div>\n\t\t\t\t\t<\/div>\n\t\t\t\t<\/div>\n\t\t\t\t<\/div>\n\t\t\t\t<\/div>","protected":false},"excerpt":{"rendered":"<p>Pol\u00edtica de Cookies Utilizamos cookies para proporcionar una mejor experiencia, mejorar el rendimiento, analizar c\u00f3mo interact\u00faas en nuestro sitio web y personalizar el contenido. Al utilizar este sitio web, aceptas el uso de cookies. Pol\u00edtica de cookies \u00bfQu\u00e9 es una cookie?Se denomina cookie a un segmento de datos que son almacenados en el navegador del [&hellip;]<\/p>\n","protected":false},"author":1,"featured_media":0,"parent":0,"menu_order":0,"comment_status":"closed","ping_status":"closed","template":"","meta":{"footnotes":""},"class_list":["post-3267","page","type-page","status-publish","hentry"],"yoast_head":"<!-- This site is optimized with the Yoast SEO plugin v27.5 - https:\/\/yoast.com\/product\/yoast-seo-wordpress\/ -->\n<title>Pol\u00edtica de Cookies - HG Abogados<\/title>\n<meta name=\"robots\" content=\"index, follow, max-snippet:-1, max-image-preview:large, max-video-preview:-1\" \/>\n<link rel=\"canonical\" href=\"https:\/\/hg-abogados.com\/ko\/politica-de-cookies\/\" \/>\n<meta property=\"og:locale\" content=\"ko_KR\" \/>\n<meta property=\"og:type\" content=\"article\" \/>\n<meta property=\"og:title\" content=\"Pol\u00edtica de Cookies - HG Abogados\" \/>\n<meta property=\"og:description\" content=\"Pol\u00edtica de Cookies Utilizamos cookies para proporcionar una mejor experiencia, mejorar el rendimiento, analizar c\u00f3mo interact\u00faas en nuestro sitio web y personalizar el contenido. Al utilizar este sitio web, aceptas el uso de cookies. Pol\u00edtica de cookies \u00bfQu\u00e9 es una cookie?Se denomina cookie a un segmento de datos que son almacenados en el navegador del [&hellip;]\" \/>\n<meta property=\"og:url\" content=\"https:\/\/hg-abogados.com\/ko\/politica-de-cookies\/\" \/>\n<meta property=\"og:site_name\" content=\"HG Abogados\" \/>\n<meta property=\"article:publisher\" content=\"https:\/\/www.facebook.com\/hgabogados.mx\/\" \/>\n<meta property=\"article:modified_time\" content=\"2026-02-10T14:25:00+00:00\" \/>\n<meta property=\"og:image\" content=\"https:\/\/hg-abogados.com\/wp-content\/uploads\/2025\/12\/himagen-del-sitio-hg-abogados.png\" \/>\n\t<meta property=\"og:image:width\" content=\"1200\" \/>\n\t<meta property=\"og:image:height\" content=\"675\" \/>\n\t<meta property=\"og:image:type\" content=\"image\/png\" \/>\n<meta name=\"twitter:card\" content=\"summary_large_image\" \/>\n<meta name=\"twitter:label1\" content=\"\uc608\uc0c1 \ub418\ub294 \ud310\ub3c5 \uc2dc\uac04\" \/>\n\t<meta name=\"twitter:data1\" content=\"2\ubd84\" \/>\n<script type=\"application\/ld+json\" class=\"yoast-schema-graph\">{\"@context\":\"https:\\\/\\\/schema.org\",\"@graph\":[{\"@type\":\"WebPage\",\"@id\":\"https:\\\/\\\/hg-abogados.com\\\/politica-de-cookies\\\/\",\"url\":\"https:\\\/\\\/hg-abogados.com\\\/politica-de-cookies\\\/\",\"name\":\"Pol\u00edtica de Cookies - HG Abogados\",\"isPartOf\":{\"@id\":\"https:\\\/\\\/hg-abogados.com\\\/#website\"},\"datePublished\":\"2025-12-14T00:54:46+00:00\",\"dateModified\":\"2026-02-10T14:25:00+00:00\",\"breadcrumb\":{\"@id\":\"https:\\\/\\\/hg-abogados.com\\\/politica-de-cookies\\\/#breadcrumb\"},\"inLanguage\":\"ko-KR\",\"potentialAction\":[{\"@type\":\"ReadAction\",\"target\":[\"https:\\\/\\\/hg-abogados.com\\\/politica-de-cookies\\\/\"]}]},{\"@type\":\"BreadcrumbList\",\"@id\":\"https:\\\/\\\/hg-abogados.com\\\/politica-de-cookies\\\/#breadcrumb\",\"itemListElement\":[{\"@type\":\"ListItem\",\"position\":1,\"name\":\"Portada\",\"item\":\"https:\\\/\\\/hg-abogados.com\\\/\"},{\"@type\":\"ListItem\",\"position\":2,\"name\":\"Pol\u00edtica de Cookies\"}]},{\"@type\":\"WebSite\",\"@id\":\"https:\\\/\\\/hg-abogados.com\\\/#website\",\"url\":\"https:\\\/\\\/hg-abogados.com\\\/\",\"name\":\"HG Abogados\",\"description\":\"Firma legal multidisciplinaria en M\u00e9xico especializada en servicios jur\u00eddicos integrales: compliance, corporativo, fiscal, laboral, civil, penal, familiar e inmobiliario para empresas nacionales y extranjeras. Ofrecemos asesor\u00eda estrat\u00e9gica y defensa legal personalizada con presencia en varias ciudades del pa\u00eds y alianzas internacionales.\",\"publisher\":{\"@id\":\"https:\\\/\\\/hg-abogados.com\\\/#organization\"},\"potentialAction\":[{\"@type\":\"SearchAction\",\"target\":{\"@type\":\"EntryPoint\",\"urlTemplate\":\"https:\\\/\\\/hg-abogados.com\\\/?s={search_term_string}\"},\"query-input\":{\"@type\":\"PropertyValueSpecification\",\"valueRequired\":true,\"valueName\":\"search_term_string\"}}],\"inLanguage\":\"ko-KR\"},{\"@type\":\"Organization\",\"@id\":\"https:\\\/\\\/hg-abogados.com\\\/#organization\",\"name\":\"HG Abogados\",\"url\":\"https:\\\/\\\/hg-abogados.com\\\/\",\"logo\":{\"@type\":\"ImageObject\",\"inLanguage\":\"ko-KR\",\"@id\":\"https:\\\/\\\/hg-abogados.com\\\/#\\\/schema\\\/logo\\\/image\\\/\",\"url\":\"https:\\\/\\\/hg-abogados.com\\\/wp-content\\\/uploads\\\/2025\\\/11\\\/logo-hg.svg\",\"contentUrl\":\"https:\\\/\\\/hg-abogados.com\\\/wp-content\\\/uploads\\\/2025\\\/11\\\/logo-hg.svg\",\"width\":354,\"height\":77,\"caption\":\"HG Abogados\"},\"image\":{\"@id\":\"https:\\\/\\\/hg-abogados.com\\\/#\\\/schema\\\/logo\\\/image\\\/\"},\"sameAs\":[\"https:\\\/\\\/www.facebook.com\\\/hgabogados.mx\\\/\"]}]}<\/script>\n<!-- \/ Yoast SEO plugin. -->","yoast_head_json":{"title":"Pol\u00edtica de Cookies - HG Abogados","robots":{"index":"index","follow":"follow","max-snippet":"max-snippet:-1","max-image-preview":"max-image-preview:large","max-video-preview":"max-video-preview:-1"},"canonical":"https:\/\/hg-abogados.com\/ko\/politica-de-cookies\/","og_locale":"ko_KR","og_type":"article","og_title":"Pol\u00edtica de Cookies - HG Abogados","og_description":"Pol\u00edtica de Cookies Utilizamos cookies para proporcionar una mejor experiencia, mejorar el rendimiento, analizar c\u00f3mo interact\u00faas en nuestro sitio web y personalizar el contenido. Al utilizar este sitio web, aceptas el uso de cookies. Pol\u00edtica de cookies \u00bfQu\u00e9 es una cookie?Se denomina cookie a un segmento de datos que son almacenados en el navegador del [&hellip;]","og_url":"https:\/\/hg-abogados.com\/ko\/politica-de-cookies\/","og_site_name":"HG Abogados","article_publisher":"https:\/\/www.facebook.com\/hgabogados.mx\/","article_modified_time":"2026-02-10T14:25:00+00:00","og_image":[{"width":1200,"height":675,"url":"https:\/\/hg-abogados.com\/wp-content\/uploads\/2025\/12\/himagen-del-sitio-hg-abogados.png","type":"image\/png"}],"twitter_card":"summary_large_image","twitter_misc":{"\uc608\uc0c1 \ub418\ub294 \ud310\ub3c5 \uc2dc\uac04":"2\ubd84"},"schema":{"@context":"https:\/\/schema.org","@graph":[{"@type":"WebPage","@id":"https:\/\/hg-abogados.com\/politica-de-cookies\/","url":"https:\/\/hg-abogados.com\/politica-de-cookies\/","name":"Pol\u00edtica de Cookies - HG Abogados","isPartOf":{"@id":"https:\/\/hg-abogados.com\/#website"},"datePublished":"2025-12-14T00:54:46+00:00","dateModified":"2026-02-10T14:25:00+00:00","breadcrumb":{"@id":"https:\/\/hg-abogados.com\/politica-de-cookies\/#breadcrumb"},"inLanguage":"ko-KR","potentialAction":[{"@type":"ReadAction","target":["https:\/\/hg-abogados.com\/politica-de-cookies\/"]}]},{"@type":"BreadcrumbList","@id":"https:\/\/hg-abogados.com\/politica-de-cookies\/#breadcrumb","itemListElement":[{"@type":"ListItem","position":1,"name":"Portada","item":"https:\/\/hg-abogados.com\/"},{"@type":"ListItem","position":2,"name":"Pol\u00edtica de Cookies"}]},{"@type":"WebSite","@id":"https:\/\/hg-abogados.com\/#website","url":"https:\/\/hg-abogados.com\/","name":"HG \ubc95\ub960\uc0ac\ubb34\uc18c","description":"Firma legal multidisciplinaria en M\u00e9xico especializada en servicios jur\u00eddicos integrales: compliance, corporativo, fiscal, laboral, civil, penal, familiar e inmobiliario para empresas nacionales y extranjeras. Ofrecemos asesor\u00eda estrat\u00e9gica y defensa legal personalizada con presencia en varias ciudades del pa\u00eds y alianzas internacionales.","publisher":{"@id":"https:\/\/hg-abogados.com\/#organization"},"potentialAction":[{"@type":"SearchAction","target":{"@type":"EntryPoint","urlTemplate":"https:\/\/hg-abogados.com\/?s={search_term_string}"},"query-input":{"@type":"PropertyValueSpecification","valueRequired":true,"valueName":"search_term_string"}}],"inLanguage":"ko-KR"},{"@type":"Organization","@id":"https:\/\/hg-abogados.com\/#organization","name":"HG \ubc95\ub960\uc0ac\ubb34\uc18c","url":"https:\/\/hg-abogados.com\/","logo":{"@type":"ImageObject","inLanguage":"ko-KR","@id":"https:\/\/hg-abogados.com\/#\/schema\/logo\/image\/","url":"https:\/\/hg-abogados.com\/wp-content\/uploads\/2025\/11\/logo-hg.svg","contentUrl":"https:\/\/hg-abogados.com\/wp-content\/uploads\/2025\/11\/logo-hg.svg","width":354,"height":77,"caption":"HG Abogados"},"image":{"@id":"https:\/\/hg-abogados.com\/#\/schema\/logo\/image\/"},"sameAs":["https:\/\/www.facebook.com\/hgabogados.mx\/"]}]}},"_links":{"self":[{"href":"https:\/\/hg-abogados.com\/ko\/wp-json\/wp\/v2\/pages\/3267","targetHints":{"allow":["GET"]}}],"collection":[{"href":"https:\/\/hg-abogados.com\/ko\/wp-json\/wp\/v2\/pages"}],"about":[{"href":"https:\/\/hg-abogados.com\/ko\/wp-json\/wp\/v2\/types\/page"}],"author":[{"embeddable":true,"href":"https:\/\/hg-abogados.com\/ko\/wp-json\/wp\/v2\/users\/1"}],"replies":[{"embeddable":true,"href":"https:\/\/hg-abogados.com\/ko\/wp-json\/wp\/v2\/comments?post=3267"}],"version-history":[{"count":16,"href":"https:\/\/hg-abogados.com\/ko\/wp-json\/wp\/v2\/pages\/3267\/revisions"}],"predecessor-version":[{"id":4072,"href":"https:\/\/hg-abogados.com\/ko\/wp-json\/wp\/v2\/pages\/3267\/revisions\/4072"}],"wp:attachment":[{"href":"https:\/\/hg-abogados.com\/ko\/wp-json\/wp\/v2\/media?parent=3267"}],"curies":[{"name":"wp","href":"https:\/\/api.w.org\/{rel}","templated":true}]}}