{"id":3267,"date":"2025-12-13T19:54:46","date_gmt":"2025-12-14T00:54:46","guid":{"rendered":"https:\/\/hg-abogados.com\/?page_id=3267"},"modified":"2026-02-10T08:25:00","modified_gmt":"2026-02-10T14:25:00","slug":"politica-de-cookies","status":"publish","type":"page","link":"https:\/\/hg-abogados.com\/de\/politica-de-cookies\/","title":{"rendered":"Pol\u00edtica de Cookies"},"content":{"rendered":"<div data-elementor-type=\"wp-page\" data-elementor-id=\"3267\" class=\"elementor elementor-3267\" data-elementor-post-type=\"page\">\n\t\t\t\t<div class=\"elementor-element elementor-element-687a2be e-flex e-con-boxed e-con e-parent\" data-id=\"687a2be\" data-element_type=\"container\" data-e-type=\"container\" data-settings=\"{&quot;background_background&quot;:&quot;classic&quot;}\">\n\t\t\t\t\t<div class=\"e-con-inner\">\n\t\t\t\t<div class=\"elementor-element elementor-element-dc6503b elementor-widget__width-initial elementor-widget elementor-widget-heading\" data-id=\"dc6503b\" data-element_type=\"widget\" data-e-type=\"widget\" data-widget_type=\"heading.default\">\n\t\t\t\t\t<h1 class=\"elementor-heading-title elementor-size-default\">Pol\u00edtica de Cookies<\/h1>\t\t\t\t<\/div>\n\t\t\t\t\t<\/div>\n\t\t\t\t<\/div>\n\t\t<div class=\"elementor-element elementor-element-318aefc e-con-full e-flex e-con e-parent\" data-id=\"318aefc\" data-element_type=\"container\" data-e-type=\"container\">\n\t\t<div class=\"elementor-element elementor-element-c61baa0 e-flex e-con-boxed e-con e-child\" data-id=\"c61baa0\" data-element_type=\"container\" data-e-type=\"container\">\n\t\t\t\t\t<div class=\"e-con-inner\">\n\t\t\t\t<div class=\"elementor-element elementor-element-936baec elementor-widget elementor-widget-text-editor\" data-id=\"936baec\" data-element_type=\"widget\" data-e-type=\"widget\" data-widget_type=\"text-editor.default\">\n\t\t\t\t\t\t\t\t\t<p>Utilizamos cookies para proporcionar una mejor experiencia, mejorar el rendimiento, analizar c\u00f3mo interact\u00faas en nuestro sitio web y personalizar el contenido. Al utilizar este sitio web, aceptas el uso de cookies.<\/p>\t\t\t\t\t\t\t\t<\/div>\n\t\t\t\t<div class=\"elementor-element elementor-element-4c39e63 elementor-widget elementor-widget-text-editor\" data-id=\"4c39e63\" data-element_type=\"widget\" data-e-type=\"widget\" data-widget_type=\"text-editor.default\">\n\t\t\t\t\t\t\t\t\t<p><b>Pol\u00edtica de cookies<\/b><\/p><p><b>\u00bfQu\u00e9 es una cookie?<br \/><\/b>Se denomina cookie a un segmento de datos que son almacenados en el navegador del usuario con la finalidad de ofrecer mayor informaci\u00f3n al servidor web acerca de \u00e9ste, permitiendo as\u00ed recordar determinados par\u00e1metros e informaci\u00f3n sobre el usuario, consiguiendo una mayor personalizaci\u00f3n y an\u00e1lisis sobre el comportamiento del mismo.<br \/>Utilizamos las cookies para facilitar el uso de nuestra p\u00e1gina web. Las cookies son peque\u00f1os ficheros de informaci\u00f3n que nos permiten comparar y entender c\u00f3mo nuestros usuarios navegan a trav\u00e9s de nuestra p\u00e1gina web, y de esta manera poder mejorar consecuentemente el proceso de navegaci\u00f3n. En caso de no querer recibir cookies, por favor configure su navegador de Internet para que las borre del disco duro de su ordenador, las bloquee o le avise en caso de instalaci\u00f3n de las mismas. Para continuar sin cambios en la configuraci\u00f3n de las cookies, simplemente cierre la ventana y contin\u00fae en la p\u00e1gina web.<\/p><p><b>Tipos de cookies<br \/><\/b>Esta p\u00e1gina web, \u00fanicamente utiliza cookies t\u00e9cnicas, de personalizaci\u00f3n y an\u00e1lisis, propias y de terceros (Google Analytics), que en ning\u00fan caso tratan datos de car\u00e1cter personal ni captan h\u00e1bitos de navegaci\u00f3n para fines publicitarios.<br \/>Por ello, al acceder a nuestra web, en cumplimiento del art\u00edculo 22 de la Ley de Servicios de la Sociedad de la Informaci\u00f3n, al tratar cookies de an\u00e1lisis, le hemos solicitado su consentimiento para su uso y facilitado informaci\u00f3n de las mismas, que en todo caso se instalar\u00e1n pasado un plazo de tiempo prudencial para que el usuario tenga tiempo de decidir prestar su consentimiento o no.<br \/>Puede obtener m\u00e1s informaci\u00f3n sobre las cookies y su uso en www.aboutcookies.org.<\/p><p><b>\u00bfC\u00f3mo deshabilitar las Cookies en los navegadores m\u00e1s usados?<br \/><\/b>Chrome: Configuraci\u00f3n \u2192 Mostrar opciones avanzadas \u2192 Privacidad \u2192 Configuraci\u00f3n de contenido.<br \/>Para m\u00e1s informaci\u00f3n, puede consultar el soporte de Google o la Ayuda del navegador.<br \/>Internet Explorer: Herramientas \u2192 Opciones de Internet \u2192 Privacidad \u2192 Configuraci\u00f3n.<br \/>Para m\u00e1s informaci\u00f3n, puede consultar el soporte de Microsoft o la Ayuda del navegador.<br \/>Firefox: Herramientas \u2192 Opciones \u2192 Privacidad \u2192 Historial \u2192 Configuraci\u00f3n Personalizada.<br \/>Para m\u00e1s informaci\u00f3n, puede consultar el soporte de Mozilla o la Ayuda del navegador.<br \/>Safari: Preferencias \u2192 Seguridad.<br \/>Para m\u00e1s informaci\u00f3n, puede consultar el soporte de Apple o la Ayuda del navegador.<\/p>\t\t\t\t\t\t\t\t<\/div>\n\t\t\t\t\t<\/div>\n\t\t\t\t<\/div>\n\t\t\t\t<\/div>\n\t\t\t\t<\/div>","protected":false},"excerpt":{"rendered":"<p>Pol\u00edtica de Cookies Utilizamos cookies para proporcionar una mejor experiencia, mejorar el rendimiento, analizar c\u00f3mo interact\u00faas en nuestro sitio web y personalizar el contenido. Al utilizar este sitio web, aceptas el uso de cookies. Pol\u00edtica de cookies \u00bfQu\u00e9 es una cookie?Se denomina cookie a un segmento de datos que son almacenados en el navegador del [&hellip;]<\/p>\n","protected":false},"author":1,"featured_media":0,"parent":0,"menu_order":0,"comment_status":"closed","ping_status":"closed","template":"","meta":{"footnotes":""},"class_list":["post-3267","page","type-page","status-publish","hentry"],"yoast_head":"<!-- This site is optimized with the Yoast SEO plugin v27.4 - https:\/\/yoast.com\/product\/yoast-seo-wordpress\/ -->\n<title>Pol\u00edtica de Cookies - HG Abogados<\/title>\n<meta name=\"robots\" content=\"index, follow, max-snippet:-1, max-image-preview:large, max-video-preview:-1\" \/>\n<link rel=\"canonical\" href=\"https:\/\/hg-abogados.com\/de\/politica-de-cookies\/\" \/>\n<meta property=\"og:locale\" content=\"de_DE\" \/>\n<meta property=\"og:type\" content=\"article\" \/>\n<meta property=\"og:title\" content=\"Pol\u00edtica de Cookies - HG Abogados\" \/>\n<meta property=\"og:description\" content=\"Pol\u00edtica de Cookies Utilizamos cookies para proporcionar una mejor experiencia, mejorar el rendimiento, analizar c\u00f3mo interact\u00faas en nuestro sitio web y personalizar el contenido. Al utilizar este sitio web, aceptas el uso de cookies. Pol\u00edtica de cookies \u00bfQu\u00e9 es una cookie?Se denomina cookie a un segmento de datos que son almacenados en el navegador del [&hellip;]\" \/>\n<meta property=\"og:url\" content=\"https:\/\/hg-abogados.com\/de\/politica-de-cookies\/\" \/>\n<meta property=\"og:site_name\" content=\"HG Abogados\" \/>\n<meta property=\"article:publisher\" content=\"https:\/\/www.facebook.com\/hgabogados.mx\/\" \/>\n<meta property=\"article:modified_time\" content=\"2026-02-10T14:25:00+00:00\" \/>\n<meta property=\"og:image\" content=\"https:\/\/hg-abogados.com\/wp-content\/uploads\/2025\/12\/himagen-del-sitio-hg-abogados.png\" \/>\n\t<meta property=\"og:image:width\" content=\"1200\" \/>\n\t<meta property=\"og:image:height\" content=\"675\" \/>\n\t<meta property=\"og:image:type\" content=\"image\/png\" \/>\n<meta name=\"twitter:card\" content=\"summary_large_image\" \/>\n<meta name=\"twitter:label1\" content=\"Gesch\u00e4tzte Lesezeit\" \/>\n\t<meta name=\"twitter:data1\" content=\"2\u00a0Minuten\" \/>\n<script type=\"application\/ld+json\" class=\"yoast-schema-graph\">{\"@context\":\"https:\\\/\\\/schema.org\",\"@graph\":[{\"@type\":\"WebPage\",\"@id\":\"https:\\\/\\\/hg-abogados.com\\\/politica-de-cookies\\\/\",\"url\":\"https:\\\/\\\/hg-abogados.com\\\/politica-de-cookies\\\/\",\"name\":\"Pol\u00edtica de Cookies - HG Abogados\",\"isPartOf\":{\"@id\":\"https:\\\/\\\/hg-abogados.com\\\/#website\"},\"datePublished\":\"2025-12-14T00:54:46+00:00\",\"dateModified\":\"2026-02-10T14:25:00+00:00\",\"breadcrumb\":{\"@id\":\"https:\\\/\\\/hg-abogados.com\\\/politica-de-cookies\\\/#breadcrumb\"},\"inLanguage\":\"de\",\"potentialAction\":[{\"@type\":\"ReadAction\",\"target\":[\"https:\\\/\\\/hg-abogados.com\\\/politica-de-cookies\\\/\"]}]},{\"@type\":\"BreadcrumbList\",\"@id\":\"https:\\\/\\\/hg-abogados.com\\\/politica-de-cookies\\\/#breadcrumb\",\"itemListElement\":[{\"@type\":\"ListItem\",\"position\":1,\"name\":\"Portada\",\"item\":\"https:\\\/\\\/hg-abogados.com\\\/\"},{\"@type\":\"ListItem\",\"position\":2,\"name\":\"Pol\u00edtica de Cookies\"}]},{\"@type\":\"WebSite\",\"@id\":\"https:\\\/\\\/hg-abogados.com\\\/#website\",\"url\":\"https:\\\/\\\/hg-abogados.com\\\/\",\"name\":\"HG Abogados\",\"description\":\"Firma legal multidisciplinaria en M\u00e9xico especializada en servicios jur\u00eddicos integrales: compliance, corporativo, fiscal, laboral, civil, penal, familiar e inmobiliario para empresas nacionales y extranjeras. Ofrecemos asesor\u00eda estrat\u00e9gica y defensa legal personalizada con presencia en varias ciudades del pa\u00eds y alianzas internacionales.\",\"publisher\":{\"@id\":\"https:\\\/\\\/hg-abogados.com\\\/#organization\"},\"potentialAction\":[{\"@type\":\"SearchAction\",\"target\":{\"@type\":\"EntryPoint\",\"urlTemplate\":\"https:\\\/\\\/hg-abogados.com\\\/?s={search_term_string}\"},\"query-input\":{\"@type\":\"PropertyValueSpecification\",\"valueRequired\":true,\"valueName\":\"search_term_string\"}}],\"inLanguage\":\"de\"},{\"@type\":\"Organization\",\"@id\":\"https:\\\/\\\/hg-abogados.com\\\/#organization\",\"name\":\"HG Abogados\",\"url\":\"https:\\\/\\\/hg-abogados.com\\\/\",\"logo\":{\"@type\":\"ImageObject\",\"inLanguage\":\"de\",\"@id\":\"https:\\\/\\\/hg-abogados.com\\\/#\\\/schema\\\/logo\\\/image\\\/\",\"url\":\"https:\\\/\\\/hg-abogados.com\\\/wp-content\\\/uploads\\\/2025\\\/11\\\/logo-hg.svg\",\"contentUrl\":\"https:\\\/\\\/hg-abogados.com\\\/wp-content\\\/uploads\\\/2025\\\/11\\\/logo-hg.svg\",\"width\":354,\"height\":77,\"caption\":\"HG Abogados\"},\"image\":{\"@id\":\"https:\\\/\\\/hg-abogados.com\\\/#\\\/schema\\\/logo\\\/image\\\/\"},\"sameAs\":[\"https:\\\/\\\/www.facebook.com\\\/hgabogados.mx\\\/\"]}]}<\/script>\n<!-- \/ Yoast SEO plugin. -->","yoast_head_json":{"title":"Pol\u00edtica de Cookies - HG Abogados","robots":{"index":"index","follow":"follow","max-snippet":"max-snippet:-1","max-image-preview":"max-image-preview:large","max-video-preview":"max-video-preview:-1"},"canonical":"https:\/\/hg-abogados.com\/de\/politica-de-cookies\/","og_locale":"de_DE","og_type":"article","og_title":"Pol\u00edtica de Cookies - HG Abogados","og_description":"Pol\u00edtica de Cookies Utilizamos cookies para proporcionar una mejor experiencia, mejorar el rendimiento, analizar c\u00f3mo interact\u00faas en nuestro sitio web y personalizar el contenido. Al utilizar este sitio web, aceptas el uso de cookies. Pol\u00edtica de cookies \u00bfQu\u00e9 es una cookie?Se denomina cookie a un segmento de datos que son almacenados en el navegador del [&hellip;]","og_url":"https:\/\/hg-abogados.com\/de\/politica-de-cookies\/","og_site_name":"HG Abogados","article_publisher":"https:\/\/www.facebook.com\/hgabogados.mx\/","article_modified_time":"2026-02-10T14:25:00+00:00","og_image":[{"width":1200,"height":675,"url":"https:\/\/hg-abogados.com\/wp-content\/uploads\/2025\/12\/himagen-del-sitio-hg-abogados.png","type":"image\/png"}],"twitter_card":"summary_large_image","twitter_misc":{"Gesch\u00e4tzte Lesezeit":"2\u00a0Minuten"},"schema":{"@context":"https:\/\/schema.org","@graph":[{"@type":"WebPage","@id":"https:\/\/hg-abogados.com\/politica-de-cookies\/","url":"https:\/\/hg-abogados.com\/politica-de-cookies\/","name":"Pol\u00edtica de Cookies - HG Abogados","isPartOf":{"@id":"https:\/\/hg-abogados.com\/#website"},"datePublished":"2025-12-14T00:54:46+00:00","dateModified":"2026-02-10T14:25:00+00:00","breadcrumb":{"@id":"https:\/\/hg-abogados.com\/politica-de-cookies\/#breadcrumb"},"inLanguage":"de","potentialAction":[{"@type":"ReadAction","target":["https:\/\/hg-abogados.com\/politica-de-cookies\/"]}]},{"@type":"BreadcrumbList","@id":"https:\/\/hg-abogados.com\/politica-de-cookies\/#breadcrumb","itemListElement":[{"@type":"ListItem","position":1,"name":"Portada","item":"https:\/\/hg-abogados.com\/"},{"@type":"ListItem","position":2,"name":"Pol\u00edtica de Cookies"}]},{"@type":"WebSite","@id":"https:\/\/hg-abogados.com\/#website","url":"https:\/\/hg-abogados.com\/","name":"HG Abogados","description":"Firma legal multidisciplinaria en M\u00e9xico especializada en servicios jur\u00eddicos integrales: compliance, corporativo, fiscal, laboral, civil, penal, familiar e inmobiliario para empresas nacionales y extranjeras. Ofrecemos asesor\u00eda estrat\u00e9gica y defensa legal personalizada con presencia en varias ciudades del pa\u00eds y alianzas internacionales.","publisher":{"@id":"https:\/\/hg-abogados.com\/#organization"},"potentialAction":[{"@type":"SearchAction","target":{"@type":"EntryPoint","urlTemplate":"https:\/\/hg-abogados.com\/?s={search_term_string}"},"query-input":{"@type":"PropertyValueSpecification","valueRequired":true,"valueName":"search_term_string"}}],"inLanguage":"de"},{"@type":"Organization","@id":"https:\/\/hg-abogados.com\/#organization","name":"HG Abogados","url":"https:\/\/hg-abogados.com\/","logo":{"@type":"ImageObject","inLanguage":"de","@id":"https:\/\/hg-abogados.com\/#\/schema\/logo\/image\/","url":"https:\/\/hg-abogados.com\/wp-content\/uploads\/2025\/11\/logo-hg.svg","contentUrl":"https:\/\/hg-abogados.com\/wp-content\/uploads\/2025\/11\/logo-hg.svg","width":354,"height":77,"caption":"HG Abogados"},"image":{"@id":"https:\/\/hg-abogados.com\/#\/schema\/logo\/image\/"},"sameAs":["https:\/\/www.facebook.com\/hgabogados.mx\/"]}]}},"_links":{"self":[{"href":"https:\/\/hg-abogados.com\/de\/wp-json\/wp\/v2\/pages\/3267","targetHints":{"allow":["GET"]}}],"collection":[{"href":"https:\/\/hg-abogados.com\/de\/wp-json\/wp\/v2\/pages"}],"about":[{"href":"https:\/\/hg-abogados.com\/de\/wp-json\/wp\/v2\/types\/page"}],"author":[{"embeddable":true,"href":"https:\/\/hg-abogados.com\/de\/wp-json\/wp\/v2\/users\/1"}],"replies":[{"embeddable":true,"href":"https:\/\/hg-abogados.com\/de\/wp-json\/wp\/v2\/comments?post=3267"}],"version-history":[{"count":16,"href":"https:\/\/hg-abogados.com\/de\/wp-json\/wp\/v2\/pages\/3267\/revisions"}],"predecessor-version":[{"id":4072,"href":"https:\/\/hg-abogados.com\/de\/wp-json\/wp\/v2\/pages\/3267\/revisions\/4072"}],"wp:attachment":[{"href":"https:\/\/hg-abogados.com\/de\/wp-json\/wp\/v2\/media?parent=3267"}],"curies":[{"name":"wp","href":"https:\/\/api.w.org\/{rel}","templated":true}]}}