{"id":3223,"date":"2025-12-13T18:45:25","date_gmt":"2025-12-13T23:45:25","guid":{"rendered":"https:\/\/hg-abogados.com\/?page_id=3223"},"modified":"2026-02-10T08:07:08","modified_gmt":"2026-02-10T14:07:08","slug":"terminos-y-condiciones","status":"publish","type":"page","link":"https:\/\/hg-abogados.com\/de\/terminos-y-condiciones\/","title":{"rendered":"T\u00e9rminos y condiciones"},"content":{"rendered":"<div data-elementor-type=\"wp-page\" data-elementor-id=\"3223\" class=\"elementor elementor-3223\" data-elementor-post-type=\"page\">\n\t\t\t\t<div class=\"elementor-element elementor-element-5019c94 e-flex e-con-boxed e-con e-parent\" data-id=\"5019c94\" data-element_type=\"container\" data-e-type=\"container\" data-settings=\"{&quot;background_background&quot;:&quot;classic&quot;}\">\n\t\t\t\t\t<div class=\"e-con-inner\">\n\t\t\t\t<div class=\"elementor-element elementor-element-11ba4f6 elementor-widget__width-initial elementor-widget elementor-widget-heading\" data-id=\"11ba4f6\" data-element_type=\"widget\" data-e-type=\"widget\" data-widget_type=\"heading.default\">\n\t\t\t\t\t<h1 class=\"elementor-heading-title elementor-size-default\">T\u00e9rminos y Condiciones<\/h1>\t\t\t\t<\/div>\n\t\t\t\t\t<\/div>\n\t\t\t\t<\/div>\n\t\t<div class=\"elementor-element elementor-element-f7ce36e e-con-full e-flex e-con e-parent\" data-id=\"f7ce36e\" data-element_type=\"container\" data-e-type=\"container\">\n\t\t<div class=\"elementor-element elementor-element-e5ea185 e-flex e-con-boxed e-con e-child\" data-id=\"e5ea185\" data-element_type=\"container\" data-e-type=\"container\">\n\t\t\t\t\t<div class=\"e-con-inner\">\n\t\t\t\t<div class=\"elementor-element elementor-element-871fd6d elementor-widget elementor-widget-text-editor\" data-id=\"871fd6d\" data-element_type=\"widget\" data-e-type=\"widget\" data-widget_type=\"text-editor.default\">\n\t\t\t\t\t\t\t\t\t<p><strong>T\u00e9rminos y Condiciones de Uso de Sitio Web (www.hg-abogados.com.)<\/strong><\/p><p>El presente documento (en adelante \u201cEl Contrato\u201d), rige las condiciones de uso y contrataci\u00f3n que pone a disposici\u00f3n la sociedad Hern\u00e1ndez, Godinez &amp; Mart\u00ednez Abogados, S.C. (en adelante \u201cLa Firma\u201d) a favor del usuario (en adelante \u201cUsted\u201d, \u201cUsuario\u201d, \u201cCliente\u201d), el cual, acepta su alcance y contenido en todo momento mientras acceda y\/o se encuentre en uso del sitio web\u00a0 \u00a0<a href=\"https:\/\/hg-abogados.com\/de\/\">www.hg-abogados.com<\/a> (en adelante \u201cEl Sitio Web\u201d), as\u00ed como las redes sociales de la propia \u201cFirma\u201d que m\u00e1s adelante se detallan.<\/p><p>El Contrato se encuentra redactado y resulta ser aplicable \u00fanicamente para Usuarios que residan o est\u00e9n domiciliados en la Rep\u00fablica Mexicana, pues de lo contrario, es decir, Usuarios residentes o domiciliados en otro pa\u00eds, al usar y disponer del Sitio Web, lo har\u00e1n bajo su propio riesgo y responsabilidad, lo anterior, sin que la Firma tenga perjuicio alguno en caso de contravenir con la legislaci\u00f3n aplicable en su territorio.<\/p><ol><li class=\"translation-block\"><strong>De la Aceptaci\u00f3n<\/strong>: Al momento de acceder, utilizar o hacer uso del Sitio Web (as\u00ed como de las redes sociales de La Firma), el Usuario acepta t\u00e1citamente el alcance y contenido legal del presente Contrato, pues de lo contrario, no podr\u00e1 hacer uso y disponer de los servicios, ofertas, promociones, contenidos y dem\u00e1s posibles beneficios que otorgue La Firma. Esta manifestaci\u00f3n en sentido negativo, puede ser realizada por Usted en todo momento, poniendo a su disposici\u00f3n los medios de notificaci\u00f3n que se refiere cl\u00e1usulas posteriores.<\/li><\/ol><ol start=\"2\"><li class=\"translation-block\"><strong>De la Capacidad del Usuario<\/strong>: El Usuario deber\u00e1 tener capacidad de goce y ejercicio de conformidad con la legislaci\u00f3n federal aplicable, pues de lo contrario, el presente Contrato no surtir\u00e1 ni tendr\u00e1 efectos en su esfera jur\u00eddica y patrimonial, por lo que cualquier persona que carezca de estas facultades, as\u00ed como los menores de edad, no podr\u00e1n ni deber\u00e1n hacer uso del Sitio Web ni las redes sociales de La Firma.<\/li><\/ol><ol start=\"3\"><li class=\"translation-block\"><strong>Derechos de Propiedad Intelectual<\/strong>: La Firma resulta ser leg\u00edtima propietaria de la marca HG Abogados\u00ae (en adelante \u201cLa Marca\u201d), por lo que todo contenido material o inmaterial que realice o se ostente con este signo visible, se\u00f1alando de manera enunciativa m\u00e1s no limitativa contenidos digitales o no digitales, como lo pueden ser fotograf\u00edas, audios e ilustraciones, se encuentren o no en estrategias de marketing, campa\u00f1as de publicidad, medios ATL, entre otros servicios, y que sean comunicados a trav\u00e9s de cualquier plataforma apreciable por los sentidos (auditivo, visual, etc.), y\/o cualquier otro derecho de propiedad industrial o de autor, se considerar\u00e1 propiedad de La Firma, por lo que, y con excepci\u00f3n \u00fanicamente de lo que se\u00f1ala la cl\u00e1usula que procede, no podr\u00e1 utilizarse, disponerse, modificarse, alterarse, difundirse y\/o enajenarse por Usted sin previa autorizaci\u00f3n y licencia otorgada por leg\u00edtimo representante legal de La Firma, pues de lo contrario, podr\u00e1 ser acreedor a las penas que marca la legislaci\u00f3n civil y\/o penal vigente.<\/li><\/ol><ol start=\"4\"><li class=\"translation-block\"><strong>De la Licencia Limitada<\/strong>: Usted podr\u00e1 descargar y\/o disponer del contenido a que se refiere la cl\u00e1usula anterior, tenga o no el signo visible de La Marca, \u00fanicamente para su uso personal y no comercial, es decir, como referencia para el caso de que busque contratar los servicios de La Firma, por lo que se compromete a no alterar o modificar dicho contenido, y mucho menos enajenarlo con terceros. El contenido a que se refiere esta cl\u00e1usula puede ser sustra\u00eddo a trav\u00e9s del Sitio Web o las redes sociales de La Firma. El Usuario se obliga a disponer de dicho material por 30 d\u00edas naturales, por lo que, fenecido dicho plazo, se compromete a eliminarlo so pena de caer en las hip\u00f3tesis legales que correspondan.<\/li><\/ol><p><strong>\u00a0<\/strong><\/p><ol start=\"5\"><li class=\"translation-block\"><strong>De los Datos Personales<\/strong>: La Firma pone a su disposici\u00f3n, a trav\u00e9s de su Sitio Web, y de conformidad con la Ley Federal de Datos Personales en Posesi\u00f3n de Particulares, as\u00ed como su Reglamento, el Aviso de Privacidad Integral que regula el recabado, finalidad, uso, tratamiento y transferencia de sus datos personales, por lo que cualquier situaci\u00f3n que derive de este tema, deber\u00e1 ser consultado por el Usuario en el documento en cita.<\/li><\/ol><p><strong>\u00a0<\/strong><\/p><ol start=\"6\"><li class=\"translation-block\"><strong>De la Contrataci\u00f3n de los Servicios a trav\u00e9s de Medios Digitales<\/strong>: En caso de que el Usuario pretenda contratar los servicios que ofrezca La Firma a trav\u00e9s de su Sitio Web o redes sociales, deber\u00e1 cumplir con las pol\u00edticas y condiciones que, aparte del presente Contrato, se\u00f1ale la Firma como requisitos para la prestaci\u00f3n de sus servicios, como lo pueden ser, de manera enunciativa m\u00e1s no limitativa, celebraci\u00f3n de contrato de prestaci\u00f3n de servicios, firma de propuesta de servicios, recepci\u00f3n de documentaci\u00f3n legal, recepci\u00f3n de informaci\u00f3n de identidad del cliente, entre otros. En el caso de que el Usuario no cumpla con dichas condiciones, la Firma se reserva el derecho de no prestar sus servicios sin perjuicio alguno.<\/li><\/ol><p>En ese tenor, y en el supuesto de que para la prestaci\u00f3n de sus servicios La Firma no ponga a disposici\u00f3n o celebre con usted alg\u00fan documento, los t\u00e9rminos y condiciones se regir\u00e1n tanto por el anuncio de oferta del servicio que corresponda, as\u00ed como los usos y costumbres mercantiles en el territorio que se contraten, aplicando como voluntad supletoria el presente Contrato en cuanto a lo que no se interponga con la dem\u00e1s informaci\u00f3n.<\/p><ol start=\"7\"><li class=\"translation-block\"><strong>De la Confidencialidad<\/strong>: La Firma se compromete a no divulgar su informaci\u00f3n confidencial (entendi\u00e9ndose como aquella personal, financiera, comercial, etc. que pueda causar un inminente da\u00f1o o perjuicio a Usted) a terceros, con las \u00fanicas dos excepciones de que dicha divulgaci\u00f3n sea necesaria para cumplir el objetivo de la prestaci\u00f3n de alg\u00fan servicio a su favor o en el caso de que as\u00ed lo requiera una autoridad competente, supuestos para lo cual se le notificar\u00e1 previamente al Usuario sin que sea requisito su autorizaci\u00f3n.<\/li><\/ol><ol start=\"8\"><li class=\"translation-block\"><strong>De las Redes Sociales<\/strong>: En cuanto al contenido de las redes sociales de La Firma (Facebook, Instagram, Twitter, LinkedIn, entre otras), ser\u00e1 tratado de la misma manera que del Sitio Web, es decir, resulta ser propiedad de \u00e9sta y comprende un todo, por lo que en cuanto a la propiedad intelectual de las redes se refiere, se deber\u00e1 atender por Usted lo dispuesto en las cl\u00e1usulas tercera y cuarta del presente Contrato.<\/li><\/ol><ol start=\"9\"><li class=\"translation-block\"><strong>Pol\u00edtica de Enlaces y Marcas Externas<\/strong>: La Firma podr\u00e1 hacer uso de hiperv\u00ednculos de otras p\u00e1ginas web, as\u00ed como marcas que no le pertenezcan, lo anterior con el objetivo de brindarle un mejor servicio o experiencia al Usuario, raz\u00f3n por lo cual no se hace responsable por el uso indebido de este \u00faltimo respecto de dicha informaci\u00f3n, as\u00ed como de igual forma excluye su responsabilidad por cualquier alteraci\u00f3n, modificaci\u00f3n o cambio que sufra el contenido que se desprenda de dichos medios.<\/li><\/ol><ol start=\"10\"><li class=\"translation-block\"><strong>De las Notificaciones<\/strong>: La Firma se\u00f1ala como primer medio de notificaci\u00f3n el correo electr\u00f3nico siguiente: <a href=\"mailto:contacto@hg-abogados.com\" target=\"_self\">contacto@hg-abogados.com<\/a>; y como segundo medio, el domicilio siguiente: Buenos Aires 2322, colonia Providencia Segunda Secci\u00f3n, Guadalajara, Jalisco, C.P. 44630, con horario de atenci\u00f3n de lunes a viernes de 9:00 am a 2:00 pm y de 4:00 pm a 6:00 pm.<\/li><\/ol><ol start=\"11\"><li class=\"translation-block\"><strong>De la Jurisdicci\u00f3n Aplicable<\/strong>: La Firma se reserva el derecho para incoar las acciones civiles o penales en contra del Usuario que considere necesarias por el uso indebido del Sitio Web o el incumplimiento del Contrato, por lo que, en caso de controversia, se\u00f1ala como jurisdicci\u00f3n aplicable los Tribunales competentes del Primer Partido Judicial del Estado de Jalisco, con residencia en la ciudad de Zapopan, Jalisco, renunciando ambas partes a cualquier otro fuero presente o futuro con motivo del domicilio de Usted.<\/li><\/ol><p><strong>\u00a0<\/strong><\/p><p>Atentamente<\/p><p><strong>\u201cHern\u00e1ndez, Godinez &amp; Mart\u00ednez Abogados, S.C.\u201d<\/strong><\/p>\t\t\t\t\t\t\t\t<\/div>\n\t\t\t\t\t<\/div>\n\t\t\t\t<\/div>\n\t\t\t\t<\/div>\n\t\t\t\t<\/div>","protected":false},"excerpt":{"rendered":"<p>T\u00e9rminos y Condiciones T\u00e9rminos y Condiciones de Uso de Sitio Web (www.hg-abogados.com.) El presente documento (en adelante \u201cEl Contrato\u201d), rige las condiciones de uso y contrataci\u00f3n que pone a disposici\u00f3n la sociedad Hern\u00e1ndez, Godinez &amp; Mart\u00ednez Abogados, S.C. (en adelante \u201cLa Firma\u201d) a favor del usuario (en adelante \u201cUsted\u201d, \u201cUsuario\u201d, \u201cCliente\u201d), el cual, acepta su [&hellip;]<\/p>\n","protected":false},"author":1,"featured_media":0,"parent":0,"menu_order":0,"comment_status":"closed","ping_status":"closed","template":"","meta":{"footnotes":""},"class_list":["post-3223","page","type-page","status-publish","hentry"],"yoast_head":"<!-- This site is optimized with the Yoast SEO plugin v27.4 - https:\/\/yoast.com\/product\/yoast-seo-wordpress\/ -->\n<title>T\u00e9rminos y condiciones - HG Abogados<\/title>\n<meta name=\"robots\" content=\"index, follow, max-snippet:-1, max-image-preview:large, max-video-preview:-1\" \/>\n<link rel=\"canonical\" href=\"https:\/\/hg-abogados.com\/de\/terminos-y-condiciones\/\" \/>\n<meta property=\"og:locale\" content=\"de_DE\" \/>\n<meta property=\"og:type\" content=\"article\" \/>\n<meta property=\"og:title\" content=\"T\u00e9rminos y condiciones - HG Abogados\" \/>\n<meta property=\"og:description\" content=\"T\u00e9rminos y Condiciones T\u00e9rminos y Condiciones de Uso de Sitio Web (www.hg-abogados.com.) El presente documento (en adelante \u201cEl Contrato\u201d), rige las condiciones de uso y contrataci\u00f3n que pone a disposici\u00f3n la sociedad Hern\u00e1ndez, Godinez &amp; Mart\u00ednez Abogados, S.C. (en adelante \u201cLa Firma\u201d) a favor del usuario (en adelante \u201cUsted\u201d, \u201cUsuario\u201d, \u201cCliente\u201d), el cual, acepta su [&hellip;]\" \/>\n<meta property=\"og:url\" content=\"https:\/\/hg-abogados.com\/de\/terminos-y-condiciones\/\" \/>\n<meta property=\"og:site_name\" content=\"HG Abogados\" \/>\n<meta property=\"article:publisher\" content=\"https:\/\/www.facebook.com\/hgabogados.mx\/\" \/>\n<meta property=\"article:modified_time\" content=\"2026-02-10T14:07:08+00:00\" \/>\n<meta property=\"og:image\" content=\"https:\/\/hg-abogados.com\/wp-content\/uploads\/2025\/12\/himagen-del-sitio-hg-abogados.png\" \/>\n\t<meta property=\"og:image:width\" content=\"1200\" \/>\n\t<meta property=\"og:image:height\" content=\"675\" \/>\n\t<meta property=\"og:image:type\" content=\"image\/png\" \/>\n<meta name=\"twitter:card\" content=\"summary_large_image\" \/>\n<meta name=\"twitter:label1\" content=\"Gesch\u00e4tzte Lesezeit\" \/>\n\t<meta name=\"twitter:data1\" content=\"6\u00a0Minuten\" \/>\n<script type=\"application\/ld+json\" class=\"yoast-schema-graph\">{\"@context\":\"https:\\\/\\\/schema.org\",\"@graph\":[{\"@type\":\"WebPage\",\"@id\":\"https:\\\/\\\/hg-abogados.com\\\/terminos-y-condiciones\\\/\",\"url\":\"https:\\\/\\\/hg-abogados.com\\\/terminos-y-condiciones\\\/\",\"name\":\"T\u00e9rminos y condiciones - HG Abogados\",\"isPartOf\":{\"@id\":\"https:\\\/\\\/hg-abogados.com\\\/#website\"},\"datePublished\":\"2025-12-13T23:45:25+00:00\",\"dateModified\":\"2026-02-10T14:07:08+00:00\",\"breadcrumb\":{\"@id\":\"https:\\\/\\\/hg-abogados.com\\\/terminos-y-condiciones\\\/#breadcrumb\"},\"inLanguage\":\"de\",\"potentialAction\":[{\"@type\":\"ReadAction\",\"target\":[\"https:\\\/\\\/hg-abogados.com\\\/terminos-y-condiciones\\\/\"]}]},{\"@type\":\"BreadcrumbList\",\"@id\":\"https:\\\/\\\/hg-abogados.com\\\/terminos-y-condiciones\\\/#breadcrumb\",\"itemListElement\":[{\"@type\":\"ListItem\",\"position\":1,\"name\":\"Portada\",\"item\":\"https:\\\/\\\/hg-abogados.com\\\/\"},{\"@type\":\"ListItem\",\"position\":2,\"name\":\"T\u00e9rminos y condiciones\"}]},{\"@type\":\"WebSite\",\"@id\":\"https:\\\/\\\/hg-abogados.com\\\/#website\",\"url\":\"https:\\\/\\\/hg-abogados.com\\\/\",\"name\":\"HG Abogados\",\"description\":\"Firma legal multidisciplinaria en M\u00e9xico especializada en servicios jur\u00eddicos integrales: compliance, corporativo, fiscal, laboral, civil, penal, familiar e inmobiliario para empresas nacionales y extranjeras. Ofrecemos asesor\u00eda estrat\u00e9gica y defensa legal personalizada con presencia en varias ciudades del pa\u00eds y alianzas internacionales.\",\"publisher\":{\"@id\":\"https:\\\/\\\/hg-abogados.com\\\/#organization\"},\"potentialAction\":[{\"@type\":\"SearchAction\",\"target\":{\"@type\":\"EntryPoint\",\"urlTemplate\":\"https:\\\/\\\/hg-abogados.com\\\/?s={search_term_string}\"},\"query-input\":{\"@type\":\"PropertyValueSpecification\",\"valueRequired\":true,\"valueName\":\"search_term_string\"}}],\"inLanguage\":\"de\"},{\"@type\":\"Organization\",\"@id\":\"https:\\\/\\\/hg-abogados.com\\\/#organization\",\"name\":\"HG Abogados\",\"url\":\"https:\\\/\\\/hg-abogados.com\\\/\",\"logo\":{\"@type\":\"ImageObject\",\"inLanguage\":\"de\",\"@id\":\"https:\\\/\\\/hg-abogados.com\\\/#\\\/schema\\\/logo\\\/image\\\/\",\"url\":\"https:\\\/\\\/hg-abogados.com\\\/wp-content\\\/uploads\\\/2025\\\/11\\\/logo-hg.svg\",\"contentUrl\":\"https:\\\/\\\/hg-abogados.com\\\/wp-content\\\/uploads\\\/2025\\\/11\\\/logo-hg.svg\",\"width\":354,\"height\":77,\"caption\":\"HG Abogados\"},\"image\":{\"@id\":\"https:\\\/\\\/hg-abogados.com\\\/#\\\/schema\\\/logo\\\/image\\\/\"},\"sameAs\":[\"https:\\\/\\\/www.facebook.com\\\/hgabogados.mx\\\/\"]}]}<\/script>\n<!-- \/ Yoast SEO plugin. -->","yoast_head_json":{"title":"T\u00e9rminos y condiciones - HG Abogados","robots":{"index":"index","follow":"follow","max-snippet":"max-snippet:-1","max-image-preview":"max-image-preview:large","max-video-preview":"max-video-preview:-1"},"canonical":"https:\/\/hg-abogados.com\/de\/terminos-y-condiciones\/","og_locale":"de_DE","og_type":"article","og_title":"T\u00e9rminos y condiciones - HG Abogados","og_description":"T\u00e9rminos y Condiciones T\u00e9rminos y Condiciones de Uso de Sitio Web (www.hg-abogados.com.) El presente documento (en adelante \u201cEl Contrato\u201d), rige las condiciones de uso y contrataci\u00f3n que pone a disposici\u00f3n la sociedad Hern\u00e1ndez, Godinez &amp; Mart\u00ednez Abogados, S.C. (en adelante \u201cLa Firma\u201d) a favor del usuario (en adelante \u201cUsted\u201d, \u201cUsuario\u201d, \u201cCliente\u201d), el cual, acepta su [&hellip;]","og_url":"https:\/\/hg-abogados.com\/de\/terminos-y-condiciones\/","og_site_name":"HG Abogados","article_publisher":"https:\/\/www.facebook.com\/hgabogados.mx\/","article_modified_time":"2026-02-10T14:07:08+00:00","og_image":[{"width":1200,"height":675,"url":"https:\/\/hg-abogados.com\/wp-content\/uploads\/2025\/12\/himagen-del-sitio-hg-abogados.png","type":"image\/png"}],"twitter_card":"summary_large_image","twitter_misc":{"Gesch\u00e4tzte Lesezeit":"6\u00a0Minuten"},"schema":{"@context":"https:\/\/schema.org","@graph":[{"@type":"WebPage","@id":"https:\/\/hg-abogados.com\/terminos-y-condiciones\/","url":"https:\/\/hg-abogados.com\/terminos-y-condiciones\/","name":"T\u00e9rminos y condiciones - HG Abogados","isPartOf":{"@id":"https:\/\/hg-abogados.com\/#website"},"datePublished":"2025-12-13T23:45:25+00:00","dateModified":"2026-02-10T14:07:08+00:00","breadcrumb":{"@id":"https:\/\/hg-abogados.com\/terminos-y-condiciones\/#breadcrumb"},"inLanguage":"de","potentialAction":[{"@type":"ReadAction","target":["https:\/\/hg-abogados.com\/terminos-y-condiciones\/"]}]},{"@type":"BreadcrumbList","@id":"https:\/\/hg-abogados.com\/terminos-y-condiciones\/#breadcrumb","itemListElement":[{"@type":"ListItem","position":1,"name":"Portada","item":"https:\/\/hg-abogados.com\/"},{"@type":"ListItem","position":2,"name":"T\u00e9rminos y condiciones"}]},{"@type":"WebSite","@id":"https:\/\/hg-abogados.com\/#website","url":"https:\/\/hg-abogados.com\/","name":"HG Abogados","description":"Firma legal multidisciplinaria en M\u00e9xico especializada en servicios jur\u00eddicos integrales: compliance, corporativo, fiscal, laboral, civil, penal, familiar e inmobiliario para empresas nacionales y extranjeras. Ofrecemos asesor\u00eda estrat\u00e9gica y defensa legal personalizada con presencia en varias ciudades del pa\u00eds y alianzas internacionales.","publisher":{"@id":"https:\/\/hg-abogados.com\/#organization"},"potentialAction":[{"@type":"SearchAction","target":{"@type":"EntryPoint","urlTemplate":"https:\/\/hg-abogados.com\/?s={search_term_string}"},"query-input":{"@type":"PropertyValueSpecification","valueRequired":true,"valueName":"search_term_string"}}],"inLanguage":"de"},{"@type":"Organization","@id":"https:\/\/hg-abogados.com\/#organization","name":"HG Abogados","url":"https:\/\/hg-abogados.com\/","logo":{"@type":"ImageObject","inLanguage":"de","@id":"https:\/\/hg-abogados.com\/#\/schema\/logo\/image\/","url":"https:\/\/hg-abogados.com\/wp-content\/uploads\/2025\/11\/logo-hg.svg","contentUrl":"https:\/\/hg-abogados.com\/wp-content\/uploads\/2025\/11\/logo-hg.svg","width":354,"height":77,"caption":"HG Abogados"},"image":{"@id":"https:\/\/hg-abogados.com\/#\/schema\/logo\/image\/"},"sameAs":["https:\/\/www.facebook.com\/hgabogados.mx\/"]}]}},"_links":{"self":[{"href":"https:\/\/hg-abogados.com\/de\/wp-json\/wp\/v2\/pages\/3223","targetHints":{"allow":["GET"]}}],"collection":[{"href":"https:\/\/hg-abogados.com\/de\/wp-json\/wp\/v2\/pages"}],"about":[{"href":"https:\/\/hg-abogados.com\/de\/wp-json\/wp\/v2\/types\/page"}],"author":[{"embeddable":true,"href":"https:\/\/hg-abogados.com\/de\/wp-json\/wp\/v2\/users\/1"}],"replies":[{"embeddable":true,"href":"https:\/\/hg-abogados.com\/de\/wp-json\/wp\/v2\/comments?post=3223"}],"version-history":[{"count":46,"href":"https:\/\/hg-abogados.com\/de\/wp-json\/wp\/v2\/pages\/3223\/revisions"}],"predecessor-version":[{"id":4066,"href":"https:\/\/hg-abogados.com\/de\/wp-json\/wp\/v2\/pages\/3223\/revisions\/4066"}],"wp:attachment":[{"href":"https:\/\/hg-abogados.com\/de\/wp-json\/wp\/v2\/media?parent=3223"}],"curies":[{"name":"wp","href":"https:\/\/api.w.org\/{rel}","templated":true}]}}